{"id":12441,"date":"2020-11-11T16:48:32","date_gmt":"2020-11-11T16:48:32","guid":{"rendered":"http:\/\/szentesker.hu\/website\/?page_id=12441"},"modified":"2020-11-11T16:49:21","modified_gmt":"2020-11-11T16:49:21","slug":"szilard-tuzelesu-kazanok","status":"publish","type":"page","link":"https:\/\/szentesker.hu\/website\/szilard-tuzelesu-kazanok\/","title":{"rendered":"Szil\u00e1rd t\u00fczel\u00e9s\u0171 kaz\u00e1nok"},"content":{"rendered":"<p><strong>Szil\u00e1rd t\u00fczel\u00e9s\u0171 kaz\u00e1nok<\/strong><\/p>\n<p>Az emelked\u0151 energiahordoz\u00f3 \u00e1rak miatt egyre nagyobb jelent\u0151s\u00e9get kap a szil\u00e1rdt\u00fczel\u00e9s. A kaz\u00e1nok kedvez\u0151 \u00e1ru, kiemelked\u0151 min\u0151s\u00e9g\u0171 k\u00e9sz\u00fcl\u00e9kek, amelyek mind \u00f6n\u00e1ll\u00f3, mind pedig kieg\u00e9sz\u00edt\u0151 f\u0171t\u0151berendez\u00e9sk\u00e9nt alkalmazhat\u00f3k. Megb\u00edzhat\u00f3, tart\u00f3s k\u00e9sz\u00fcl\u00e9kek, amelyek hossz\u00fa t\u00e1v\u00fa megold\u00e1st ny\u00fajtanak a h\u00e1ztart\u00e1sok sz\u00e1m\u00e1ra.<\/p>\n<p><strong>Vegyes t\u00fczel\u00e9s\u0171 kaz\u00e1nok<\/strong><\/p>\n<p><a href=\"http:\/\/szentesker.hu\/website\/wp-content\/uploads\/2020\/11\/Vegyes-tuzelesu-kazan.jpg\"><img loading=\"lazy\" decoding=\"async\" class=\"size-full wp-image-12442 alignleft\" src=\"http:\/\/szentesker.hu\/website\/wp-content\/uploads\/2020\/11\/Vegyes-tuzelesu-kazan.jpg\" alt=\"\" width=\"178\" height=\"240\" \/><\/a>A vegyest\u00fczel\u00e9s\u0171 kaz\u00e1n egy olyan f\u0171t\u0151k\u00e9sz\u00fcl\u00e9k, mely f\u00e1val, kokszal, sz\u00e9nnel, mez\u0151gazdas\u00e1gi hullad\u00e9kokkal \u00fczemel. A hagyom\u00e1snyos \u00e9rtelemben vett vagyest\u00fczel\u00e9s\u0171 kaz\u00e1nokban nem szab\u00e1lyzott az \u00e9g\u00e9s, ez\u00e9rt a feleslegesen megtermelt energi\u00e1t \u00e9rdemes let\u00e1rolni f\u0171t\u00e9si puffer t\u00e1rol\u00f3kban.<\/p>\n<p>Alkalmasak lak\u00e1sok, csal\u00e1di h\u00e1zak, m\u0171helyek, csarnokok, int\u00e9zm\u00e9nyek, stb. gravit\u00e1ci\u00f3s vagy keringet\u0151 szivatty\u00fas f\u0171t\u00e9s\u00e9re.<\/p>\n<p>A kaz\u00e1n testek vastag ac\u00e9llemezb\u0151l, hajl\u00edtott elj\u00e1r\u00e1ssal, hegesztett kivitelben k\u00e9sz\u00fclnek. A kaz\u00e1nok biztons\u00e1gi szeleppel illetve opcion\u00e1lisan biztons\u00e1gi h\u0171t\u0151k\u00f6rrel vannak ell\u00e1tva.<\/p>\n<p>&nbsp;<\/p>\n<p><strong>Faelg\u00e1zos\u00edt\u00f3 kaz\u00e1nok<\/strong><\/p>\n<p><a href=\"http:\/\/szentesker.hu\/website\/wp-content\/uploads\/2020\/11\/Faelgazosito-kazan.jpg\"><img loading=\"lazy\" decoding=\"async\" class=\"size-full wp-image-12443 alignleft\" src=\"http:\/\/szentesker.hu\/website\/wp-content\/uploads\/2020\/11\/Faelgazosito-kazan.jpg\" alt=\"\" width=\"158\" height=\"240\" \/><\/a>A faelg\u00e1zos\u00edt\u00f3 kaz\u00e1nok a k\u00f6rnyezetv\u00e9delmi \u00e9s gazdas\u00e1goss\u00e1gi szempontokat figyelembe v\u00e9ve igen jelent\u0151s helyet foglalnak el a korszer\u0171 f\u0171t\u00e9stechnikai megold\u00e1sok k\u00f6z\u00f6tt.<br \/>\nA mikroprocesszoros vez\u00e9rl\u00e9snek k\u00f6sz\u00f6nhet\u0151en a faelg\u00e1zos\u00edt\u00f3 kaz\u00e1n m\u0171k\u00f6dtet\u00e9se amellett, hogy rendk\u00edv\u00fcl gazdas\u00e1gos, k\u00e9nyelmi szempontb\u00f3l is\u00a0\u00f3ri\u00e1si el\u0151rel\u00e9p\u00e9st jelent a hagyom\u00e1nyos vegyest\u00fczel\u00e9s\u0171 kaz\u00e1nokkal szemben. A hagyom\u00e1nyos f\u0171t\u00e9sn\u00e9l az \u00e9g\u00e9sterm\u00e9k\u00a0egy j\u00f3 r\u00e9sze\u00a0hasznosulatlanul a k\u00e9m\u00e9nyen \u00e1t t\u00e1vozik. A faelg\u00e1zos\u00edt\u00f3 kaz\u00e1n\u00a0\u00fajszer\u0171 \u00e9g\u00e9si elv\u00e9nek k\u00f6sz\u00f6nhet\u0151en\u00a0a\u00a0magasabb h\u0151m\u00e9rs\u00e9kleten\u00a0\u00e9ghet\u0151 g\u00e1zt is el\u00e9geti, \u00edgy a kaz\u00e1n hat\u00e1sfoka 85-92 sz\u00e1zal\u00e9kosra n\u0151.<\/p>\n<p>A kaz\u00e1n tiszt\u00edt\u00e1sa egyszer\u0171, amit havi egyszeri gyakoris\u00e1ggal el\u00e9g elv\u00e9gezni.<\/p>\n<p>&nbsp;<\/p>\n<p><strong>Pellet kaz\u00e1nok<\/strong><\/p>\n<p><a href=\"http:\/\/szentesker.hu\/website\/wp-content\/uploads\/2020\/11\/Pelletkazan.jpg\"><img loading=\"lazy\" decoding=\"async\" class=\"size-full wp-image-12444 alignleft\" src=\"http:\/\/szentesker.hu\/website\/wp-content\/uploads\/2020\/11\/Pelletkazan.jpg\" alt=\"\" width=\"218\" height=\"270\" \/><\/a>Mai energiaszeg\u00e9ny vil\u00e1gunkban folyamatos probl\u00e9m\u00e1t jelentenek a f\u00f6ldg\u00e1zell\u00e1t\u00e1si gondokb\u00f3l ered\u0151 f\u00f6ldg\u00e1z\u00e1remel\u00e9sek. A has\u00e1bfa \u00e9s a faipari hullad\u00e9kok (f\u0171r\u00e9szpor, faforg\u00e1cs) korszer\u0171 hasznos\u00edt\u00e1s\u00e1val kialak\u00edtott pr\u00e9selt pellet t\u00fczel\u00e9s\u00e9vel m\u0171k\u00f6d\u0151 pellet kaz\u00e1nok, optimaliz\u00e1lj\u00e1k az \u00e9g\u00e9si folyamatot \u00e9s 90% f\u00f6l\u00e9 emelik a kaz\u00e1nok hat\u00e1sfok\u00e1t. Alkalmaz\u00e1sukkal hozz\u00e1j\u00e1rulunk a k\u00f6rnyezettudatos f\u0171t\u00e9si m\u00f3dszerekhez \u00e9s jelent\u0151sen cs\u00f6kkenthetj\u00fck f\u0171t\u00e9si k\u00f6lts\u00e9geinket is.<\/p>\n<p>A k\u00f6rnyezetbar\u00e1t pellet kaz\u00e1nok, a g\u00e1zkaz\u00e1nokhoz hasonl\u00f3an k\u00e9nyelmes f\u0171t\u00e9si rendszerek. Magas hat\u00e1sfokon, automatiz\u00e1lhat\u00f3 \u00fczemeltet\u00e9ssel, k\u00f6lts\u00e9gtakar\u00e9kosan m\u0171k\u00f6dnek.<\/p>\n<p>A pellet \u00e9g\u00e9se sor\u00e1n kev\u00e9s a hamuk\u00e9pz\u0151d\u00e9s, ez\u00e9rt a tiszt\u00edt\u00e1sr\u00f3l 2-4 hetente kell gondoskodni.<\/p>\n<p>&nbsp;<\/p>\n<p><strong>Kandall\u00f3k<\/strong><\/p>\n<p>A kandall\u00f3k l\u00e9gf\u0171t\u00e9ses \u00e9s k\u00f6zpontif\u0171t\u00e9ses, illetve biokandall\u00f3 form\u00e1j\u00e1ban v\u00e1s\u00e1rolhatjuk meg.<br \/>\nA kandall\u00f3 egy alternat\u00edv f\u0171t\u00e9si m\u00f3d, teh\u00e1t k\u00f6rnyezetbar\u00e1t.<br \/>\nAtt\u00f3l f\u00fcgg\u0151en, hogy milyen kandall\u00f3bet\u00e9t v\u00e1lasztunk a kandall\u00f3hoz, megk\u00fcl\u00f6nb\u00f6ztetj\u00fck a f\u0171t\u0151k\u00e9sz\u00fcl\u00e9ket \u00e9s a l\u00e1tv\u00e1nyk\u00e9sz\u00fcl\u00e9ket.<\/p>\n<ul>\n<li><strong>\u00a0F\u0171t\u0151kandall\u00f3<\/strong><\/li>\n<\/ul>\n<p>A f\u0171t\u0151kandall\u00f3k els\u0151dlegesen f\u0171t\u00e9sre k\u00e9sz\u00fcltek. K\u00edv\u00fclr\u0151l hamuzhat\u00f3ak a t\u00fczel\u00e9s megsz\u00fcntet\u00e9se n\u00e9lk\u00fcl. A l\u00e9gf\u0171t\u00e9ses kandall\u00f3k k\u00f6zvetlen\u00fcl a leveg\u0151t f\u0171tik \u00e9s keringetik. Az ilyen kandall\u00f3kat t\u00f6bbnyire kieg\u00e9sz\u00edt\u0151 f\u0171t\u00e9sk\u00e9nt \u00e9rdemes haszn\u00e1lni, \u00edgy az \u00e9ves f\u0171t\u00e9ssz\u00e1mla 30-40 %-a is megsp\u00f3r\u00f3lhat\u00f3.<\/p>\n<p>A k\u00f6zpontif\u0171t\u00e9ses kandall\u00f3k a v\u00edz keringet\u00e9s\u00e9vel biztos\u00edtj\u00e1k a k\u00f6zponti f\u0171t\u00e9st. A kisebb teljes\u00edtm\u00e9ny\u0171, gyeng\u00e9bb biztons\u00e1gi felszerelts\u00e9g\u0171 kandall\u00f3kat ink\u00e1bb kieg\u00e9sz\u00edt\u0151 f\u0171t\u00e9sk\u00e9nt haszn\u00e1ljuk, m\u00edg a nagy teljes\u00edtm\u00e9ny\u0171 k\u00f6zpontif\u0171t\u00e9ses kandall\u00f3 biztons\u00e1ggal l\u00e1thatja el az eg\u00e9sz h\u00e1z f\u0171t\u00e9s\u00e9t. Egyes kivitelek k\u00e9pesek a haszn\u00e1lati melegv\u00edz ell\u00e1t\u00e1st is biztos\u00edtani.<\/p>\n<ul>\n<li><strong>L\u00e1tv\u00e1nyk\u00e9sz\u00fcl\u00e9kek<\/strong><\/li>\n<\/ul>\n<p>A l\u00e1tv\u00e1nykandall\u00f3kn\u00e1l els\u0151sorban a megjelen\u00e9s a legf\u0151bb szempont. A hamuz\u00e1sz bel\u00fclr\u0151l kell megoldani, \u00edgy a l\u00e1tv\u00e1nykandall\u00f3k csak szakasos \u00fczemm\u00f3dban m\u0171k\u00f6dtethet\u0151ek.<\/p>\n<p>K\u00fcl\u00f6nb\u00f6z\u0151 m\u00e9ret\u0171 \u00e9s geometri\u00e1j\u00fa \u00fcvegfel\u00fcletek, v\u00e9kony ajt\u00f3keretek jellemzik, az \u00fcveg tiszt\u00e1n tart\u00e1s\u00e1t \u00e9g\u00e9s k\u00f6zben, a leveg\u0151 kandall\u00f3 belsej\u00e9ben t\u00f6rt\u00e9n\u0151 \u00e1ramoltat\u00e1s\u00e1val oldj\u00e1k meg.<\/p>\n<ul>\n<li><strong>Biokandall\u00f3k<\/strong><\/li>\n<\/ul>\n<p>A k\u00e9sz\u00fcl\u00e9k m\u0171k\u00f6dtet\u00e9s\u00e9hez nem kell k\u00e9m\u00e9ny, \u00e1ram, g\u00e1z vagy fa, mert folyad\u00e9kot \u00e9get: bioalkohollal (ethanol) m\u0171k\u00f6dik, ami sz\u00e9ndioxidd\u00e1 \u00e9s v\u00edzz\u00e9 \u00e9g el. Egy liter bioalkohol kb. 2-3 \u00f3r\u00e1n kereszt\u00fcl k\u00e9pes l\u00e1nggal \u00e9gni. A biokandall\u00f3kat k\u00f6nny\u0171 telep\u00edteni. Haszn\u00e1latuk sor\u00e1n em keletkezik f\u00fcst, k\u00e1ros \u00e9g\u00e9sterm\u00e9k \u00e9s korom. A keletkez\u0151 sz\u00e9ndioxid mennyis\u00e9ge csek\u00e9ly.<\/p>\n<p>&nbsp;<\/p>\n<p>&nbsp;<\/p>\n<p>&nbsp;<\/p>\n","protected":false},"excerpt":{"rendered":"<p>Szil\u00e1rd t\u00fczel\u00e9s\u0171 kaz\u00e1nok Az emelked\u0151 energiahordoz\u00f3 \u00e1rak miatt egyre nagyobb jelent\u0151s\u00e9get kap a szil\u00e1rdt\u00fczel\u00e9s. A kaz\u00e1nok kedvez\u0151 \u00e1ru, kiemelked\u0151 min\u0151s\u00e9g\u0171 k\u00e9sz\u00fcl\u00e9kek, amelyek mind \u00f6n\u00e1ll\u00f3, mind pedig kieg\u00e9sz\u00edt\u0151 f\u0171t\u0151berendez\u00e9sk\u00e9nt alkalmazhat\u00f3k. Megb\u00edzhat\u00f3, tart\u00f3s k\u00e9sz\u00fcl\u00e9kek, amelyek hossz\u00fa t\u00e1v\u00fa megold\u00e1st ny\u00fajtanak a h\u00e1ztart\u00e1sok sz\u00e1m\u00e1ra. Vegyes t\u00fczel\u00e9s\u0171 kaz\u00e1nok A vegyest\u00fczel\u00e9s\u0171 kaz\u00e1n egy olyan f\u0171t\u0151k\u00e9sz\u00fcl\u00e9k, mely f\u00e1val, kokszal, sz\u00e9nnel, mez\u0151gazdas\u00e1gi hullad\u00e9kokkal [&hellip;]<\/p>\n","protected":false},"author":2,"featured_media":13027,"parent":0,"menu_order":0,"comment_status":"closed","ping_status":"closed","template":"","meta":{"_et_pb_use_builder":"","_et_pb_old_content":"","_et_gb_content_width":"","_monsterinsights_skip_tracking":false,"_monsterinsights_sitenote_active":false,"_monsterinsights_sitenote_note":"","_monsterinsights_sitenote_category":0,"footnotes":""},"class_list":["post-12441","page","type-page","status-publish","has-post-thumbnail","hentry"],"_links":{"self":[{"href":"https:\/\/szentesker.hu\/website\/wp-json\/wp\/v2\/pages\/12441","targetHints":{"allow":["GET"]}}],"collection":[{"href":"https:\/\/szentesker.hu\/website\/wp-json\/wp\/v2\/pages"}],"about":[{"href":"https:\/\/szentesker.hu\/website\/wp-json\/wp\/v2\/types\/page"}],"author":[{"embeddable":true,"href":"https:\/\/szentesker.hu\/website\/wp-json\/wp\/v2\/users\/2"}],"replies":[{"embeddable":true,"href":"https:\/\/szentesker.hu\/website\/wp-json\/wp\/v2\/comments?post=12441"}],"version-history":[{"count":2,"href":"https:\/\/szentesker.hu\/website\/wp-json\/wp\/v2\/pages\/12441\/revisions"}],"predecessor-version":[{"id":12446,"href":"https:\/\/szentesker.hu\/website\/wp-json\/wp\/v2\/pages\/12441\/revisions\/12446"}],"wp:featuredmedia":[{"embeddable":true,"href":"https:\/\/szentesker.hu\/website\/wp-json\/wp\/v2\/media\/13027"}],"wp:attachment":[{"href":"https:\/\/szentesker.hu\/website\/wp-json\/wp\/v2\/media?parent=12441"}],"curies":[{"name":"wp","href":"https:\/\/api.w.org\/{rel}","templated":true}]}}