{"id":13039,"date":"2023-11-14T10:56:01","date_gmt":"2023-11-14T10:56:01","guid":{"rendered":"https:\/\/szentesker.hu\/website\/?page_id=13039"},"modified":"2023-11-14T11:06:58","modified_gmt":"2023-11-14T11:06:58","slug":"palyazat","status":"publish","type":"page","link":"https:\/\/szentesker.hu\/website\/palyazat\/","title":{"rendered":"P\u00e1ly\u00e1zat"},"content":{"rendered":"<h3 style=\"text-align: center;\">Mikro-, kis- \u00e9s k\u00f6z\u00e9pv\u00e1llalkoz\u00e1sok<br \/>\ntechnol\u00f3giai korszer\u0171s\u00edt\u00e9se c\u00e9l\u00fa hitelprogram<\/h3>\n<p>&nbsp;<\/p>\n<p><strong>Kedvezm\u00e9nyezett neve:<\/strong> Szentes-Ker Kereskedelmi \u00e9s Szolg\u00e1ltat\u00f3 Korl\u00e1tolt Felel\u0151ss\u00e9g\u0171 T\u00e1rsas\u00e1g<\/p>\n<p><strong>A projekt c\u00edme:<\/strong> Mikro-, kis- \u00e9s k\u00f6z\u00e9pv\u00e1llalkoz\u00e1sok technol\u00f3giai korszer\u0171s\u00edt\u00e9se c\u00e9l\u00fa hitelprogram<br \/>\n<strong><br \/>\nVisszat\u00e9r\u00edtend\u0151 hitel \u00f6sszege:<\/strong> 25.000.000 Ft<br \/>\n<strong><br \/>\nProjekt c\u00e9lja:<\/strong> A T\u00e1rsas\u00e1g likvid m\u0171k\u00f6d\u00e9s\u00e9nek zavartalan biztos\u00edt\u00e1s\u00e1hoz sz\u00fcks\u00e9ges anyagk\u00f6lts\u00e9g finansz\u00edroz\u00e1sa.<br \/>\n<strong><br \/>\nA projekt befejez\u00e9si d\u00e1tuma:<\/strong> 2027.09.15<br \/>\n<strong><br \/>\nA projekt azonos\u00edt\u00f3 sz\u00e1ma:<\/strong> GINOP-8.3.5-18\/B<\/p>\n<p><img loading=\"lazy\" decoding=\"async\" class=\"size-full wp-image-13040 alignright\" src=\"http:\/\/szentesker.hu\/website\/wp-content\/uploads\/2023\/11\/eu_logo.jpg\" alt=\"\" width=\"300\" height=\"207\" \/><\/p>\n","protected":false},"excerpt":{"rendered":"<p>Mikro-, kis- \u00e9s k\u00f6z\u00e9pv\u00e1llalkoz\u00e1sok technol\u00f3giai korszer\u0171s\u00edt\u00e9se c\u00e9l\u00fa hitelprogram &nbsp; Kedvezm\u00e9nyezett neve: Szentes-Ker Kereskedelmi \u00e9s Szolg\u00e1ltat\u00f3 Korl\u00e1tolt Felel\u0151ss\u00e9g\u0171 T\u00e1rsas\u00e1g A projekt c\u00edme: Mikro-, kis- \u00e9s k\u00f6z\u00e9pv\u00e1llalkoz\u00e1sok technol\u00f3giai korszer\u0171s\u00edt\u00e9se c\u00e9l\u00fa hitelprogram Visszat\u00e9r\u00edtend\u0151 hitel \u00f6sszege: 25.000.000 Ft Projekt c\u00e9lja: A T\u00e1rsas\u00e1g likvid m\u0171k\u00f6d\u00e9s\u00e9nek zavartalan biztos\u00edt\u00e1s\u00e1hoz sz\u00fcks\u00e9ges anyagk\u00f6lts\u00e9g finansz\u00edroz\u00e1sa. A projekt befejez\u00e9si d\u00e1tuma: 2027.09.15 A projekt azonos\u00edt\u00f3 sz\u00e1ma: GINOP-8.3.5-18\/B<\/p>\n","protected":false},"author":3,"featured_media":13027,"parent":0,"menu_order":0,"comment_status":"closed","ping_status":"closed","template":"","meta":{"_et_pb_use_builder":"","_et_pb_old_content":"","_et_gb_content_width":"","_monsterinsights_skip_tracking":false,"_monsterinsights_sitenote_active":false,"_monsterinsights_sitenote_note":"","_monsterinsights_sitenote_category":0,"footnotes":""},"class_list":["post-13039","page","type-page","status-publish","has-post-thumbnail","hentry"],"_links":{"self":[{"href":"https:\/\/szentesker.hu\/website\/wp-json\/wp\/v2\/pages\/13039","targetHints":{"allow":["GET"]}}],"collection":[{"href":"https:\/\/szentesker.hu\/website\/wp-json\/wp\/v2\/pages"}],"about":[{"href":"https:\/\/szentesker.hu\/website\/wp-json\/wp\/v2\/types\/page"}],"author":[{"embeddable":true,"href":"https:\/\/szentesker.hu\/website\/wp-json\/wp\/v2\/users\/3"}],"replies":[{"embeddable":true,"href":"https:\/\/szentesker.hu\/website\/wp-json\/wp\/v2\/comments?post=13039"}],"version-history":[{"count":3,"href":"https:\/\/szentesker.hu\/website\/wp-json\/wp\/v2\/pages\/13039\/revisions"}],"predecessor-version":[{"id":13044,"href":"https:\/\/szentesker.hu\/website\/wp-json\/wp\/v2\/pages\/13039\/revisions\/13044"}],"wp:featuredmedia":[{"embeddable":true,"href":"https:\/\/szentesker.hu\/website\/wp-json\/wp\/v2\/media\/13027"}],"wp:attachment":[{"href":"https:\/\/szentesker.hu\/website\/wp-json\/wp\/v2\/media?parent=13039"}],"curies":[{"name":"wp","href":"https:\/\/api.w.org\/{rel}","templated":true}]}}